{"id":446,"date":"2016-06-27T19:17:29","date_gmt":"2016-06-27T19:17:29","guid":{"rendered":"http:\/\/dufdesign.cz\/?page_id=446"},"modified":"2021-01-03T09:13:43","modified_gmt":"2021-01-03T09:13:43","slug":"pratele","status":"publish","type":"page","link":"https:\/\/dufdesign.cz\/?page_id=446","title":{"rendered":"P\u0159\u00e1tel\u00e9"},"content":{"rendered":"<p><a href=\"https:\/\/duf75.wixsite.com\/hracky\/hracky\" target=\"_blank\" rel=\"noopener noreferrer\">Dufki \u2013 d\u0159ev\u011bn\u00e9 hra\u010dky a dekorace<\/a><\/p>\n<p><a href=\"http:\/\/www.petrsalek.com\/\" target=\"_blank\" rel=\"noopener noreferrer\">Petr \u0160\u00e1lek\u00a0\u2013 fotograf<\/a><\/p>\n<p><a title=\"Jan Bruncl\u00edk \u2013 fotograf\" href=\"http:\/\/www.janbrunclik.com\/\" target=\"_blank\" rel=\"noopener noreferrer\">Jan Bruncl\u00edk \u2013 fotograf<\/a><\/p>\n<p><a title=\"ArtMagaz\u00edn.eu\" href=\"http:\/\/artmagazin.eu\/\" target=\"_blank\" rel=\"noopener noreferrer\">ArtMagaz\u00edn.eu<\/a><\/p>\n","protected":false},"excerpt":{"rendered":"<p>Dufki \u2013 d\u0159ev\u011bn\u00e9 hra\u010dky a dekorace Petr \u0160\u00e1lek\u00a0\u2013 fotograf Jan Bruncl\u00edk \u2013 fotograf ArtMagaz\u00edn.eu<\/p>\n","protected":false},"author":1,"featured_media":0,"parent":0,"menu_order":0,"comment_status":"closed","ping_status":"open","template":"fullwidth.php","meta":{"footnotes":""},"class_list":["post-446","page","type-page","status-publish","hentry"],"_links":{"self":[{"href":"https:\/\/dufdesign.cz\/index.php?rest_route=\/wp\/v2\/pages\/446","targetHints":{"allow":["GET"]}}],"collection":[{"href":"https:\/\/dufdesign.cz\/index.php?rest_route=\/wp\/v2\/pages"}],"about":[{"href":"https:\/\/dufdesign.cz\/index.php?rest_route=\/wp\/v2\/types\/page"}],"author":[{"embeddable":true,"href":"https:\/\/dufdesign.cz\/index.php?rest_route=\/wp\/v2\/users\/1"}],"replies":[{"embeddable":true,"href":"https:\/\/dufdesign.cz\/index.php?rest_route=%2Fwp%2Fv2%2Fcomments&post=446"}],"version-history":[{"count":5,"href":"https:\/\/dufdesign.cz\/index.php?rest_route=\/wp\/v2\/pages\/446\/revisions"}],"predecessor-version":[{"id":585,"href":"https:\/\/dufdesign.cz\/index.php?rest_route=\/wp\/v2\/pages\/446\/revisions\/585"}],"wp:attachment":[{"href":"https:\/\/dufdesign.cz\/index.php?rest_route=%2Fwp%2Fv2%2Fmedia&parent=446"}],"curies":[{"name":"wp","href":"https:\/\/api.w.org\/{rel}","templated":true}]}}