{"id":303,"date":"2016-06-24T10:52:05","date_gmt":"2016-06-24T10:52:05","guid":{"rendered":"http:\/\/dufdesign.cz\/wp\/wordpress\/?page_id=303"},"modified":"2024-06-14T18:48:05","modified_gmt":"2024-06-14T18:48:05","slug":"volna-tvorba","status":"publish","type":"page","link":"https:\/\/dufdesign.cz\/?page_id=303","title":{"rendered":"Voln\u00e1 tvorba"},"content":{"rendered":"\n<figure class=\"wp-block-image size-large is-resized\"><a href=\"https:\/\/dufdesign.cz\/?page_id=711\"><img loading=\"lazy\" decoding=\"async\" width=\"977\" height=\"1024\" src=\"http:\/\/dufdesign.cz\/wp-content\/uploads\/Rua-da-Reboleira-977x1024.jpg\" alt=\"\" class=\"wp-image-718\" style=\"width:154px;height:auto\" srcset=\"https:\/\/dufdesign.cz\/wp-content\/uploads\/Rua-da-Reboleira-977x1024.jpg 977w, https:\/\/dufdesign.cz\/wp-content\/uploads\/Rua-da-Reboleira-286x300.jpg 286w, https:\/\/dufdesign.cz\/wp-content\/uploads\/Rua-da-Reboleira-768x805.jpg 768w, https:\/\/dufdesign.cz\/wp-content\/uploads\/Rua-da-Reboleira-1465x1536.jpg 1465w, https:\/\/dufdesign.cz\/wp-content\/uploads\/Rua-da-Reboleira-1953x2048.jpg 1953w, https:\/\/dufdesign.cz\/wp-content\/uploads\/Rua-da-Reboleira.jpg 2000w\" sizes=\"auto, (max-width: 977px) 100vw, 977px\" \/><\/a><\/figure>\n\n\n\n<p><a href=\"https:\/\/dufdesign.cz\/?page_id=711\" data-type=\"page\" data-id=\"711\">Z Porta<\/a><\/p>\n\n\n<p><a href=\"?page_id=596\"><img loading=\"lazy\" decoding=\"async\" class=\" wp-image-591\" src=\"http:\/\/dufdesign.cz\/wp-content\/uploads\/Arles_Rond-point-des-Arenes-scaled-e1617444327763-300x186.jpg\" alt=\"\" width=\"148\" height=\"92\" srcset=\"https:\/\/dufdesign.cz\/wp-content\/uploads\/Arles_Rond-point-des-Arenes-scaled-e1617444327763-300x186.jpg 300w, https:\/\/dufdesign.cz\/wp-content\/uploads\/Arles_Rond-point-des-Arenes-scaled-e1617444327763-768x477.jpg 768w, https:\/\/dufdesign.cz\/wp-content\/uploads\/Arles_Rond-point-des-Arenes-scaled-e1617444327763-340x210.jpg 340w, https:\/\/dufdesign.cz\/wp-content\/uploads\/Arles_Rond-point-des-Arenes-scaled-e1617444327763-570x350.jpg 570w, https:\/\/dufdesign.cz\/wp-content\/uploads\/Arles_Rond-point-des-Arenes-scaled-e1617444327763.jpg 947w\" sizes=\"auto, (max-width: 148px) 100vw, 148px\" \/><\/a><\/p>\n<p><a href=\"?page_id=596\">Provence<\/a>\u00a0<\/p>\n<p><a title=\"\u017delezni\u010dn\u00ed most\" href=\"?page_id=419\"><img loading=\"lazy\" decoding=\"async\" class=\"alignnone  wp-image-306\" src=\"http:\/\/dufdesign.cz\/wp\/wordpress\/wp-content\/uploads\/Basnik-011-300x200.jpg\" alt=\"B\u00e1sn\u00edk\" width=\"150\" height=\"100\" srcset=\"https:\/\/dufdesign.cz\/wp-content\/uploads\/Basnik-011-300x200.jpg 300w, https:\/\/dufdesign.cz\/wp-content\/uploads\/Basnik-011.jpg 900w\" sizes=\"auto, (max-width: 150px) 100vw, 150px\" \/>\u00a0<\/a><\/p>\n<p><a title=\"\u017delezni\u010dn\u00ed most\" href=\"?page_id=419\">\u00a0\u017delezni\u010dn\u00ed most<\/a><\/p>\n<p><a title=\"Kde domov m\u016fj\" href=\"?page_id=421\"><img loading=\"lazy\" decoding=\"async\" class=\"alignnone  wp-image-323\" src=\"http:\/\/dufdesign.cz\/wp\/wordpress\/wp-content\/uploads\/pracovna-300x200.jpg\" alt=\"Pracovna Vltava\" width=\"150\" height=\"100\" srcset=\"https:\/\/dufdesign.cz\/wp-content\/uploads\/pracovna-300x200.jpg 300w, https:\/\/dufdesign.cz\/wp-content\/uploads\/pracovna.jpg 800w\" sizes=\"auto, (max-width: 150px) 100vw, 150px\" \/><\/a><\/p>\n<p><a title=\"Kde domov m\u016fj\" href=\"?page_id=421\">\u00a0\u00a0Kde domov m\u016fj<\/a><\/p>\n\n\n<p><\/p>\n","protected":false},"excerpt":{"rendered":"<p>Z Porta Provence\u00a0 \u00a0 \u00a0\u017delezni\u010dn\u00ed most \u00a0\u00a0Kde domov m\u016fj<\/p>\n","protected":false},"author":1,"featured_media":0,"parent":0,"menu_order":0,"comment_status":"closed","ping_status":"open","template":"fullwidth.php","meta":{"footnotes":""},"class_list":["post-303","page","type-page","status-publish","hentry"],"_links":{"self":[{"href":"https:\/\/dufdesign.cz\/index.php?rest_route=\/wp\/v2\/pages\/303","targetHints":{"allow":["GET"]}}],"collection":[{"href":"https:\/\/dufdesign.cz\/index.php?rest_route=\/wp\/v2\/pages"}],"about":[{"href":"https:\/\/dufdesign.cz\/index.php?rest_route=\/wp\/v2\/types\/page"}],"author":[{"embeddable":true,"href":"https:\/\/dufdesign.cz\/index.php?rest_route=\/wp\/v2\/users\/1"}],"replies":[{"embeddable":true,"href":"https:\/\/dufdesign.cz\/index.php?rest_route=%2Fwp%2Fv2%2Fcomments&post=303"}],"version-history":[{"count":17,"href":"https:\/\/dufdesign.cz\/index.php?rest_route=\/wp\/v2\/pages\/303\/revisions"}],"predecessor-version":[{"id":725,"href":"https:\/\/dufdesign.cz\/index.php?rest_route=\/wp\/v2\/pages\/303\/revisions\/725"}],"wp:attachment":[{"href":"https:\/\/dufdesign.cz\/index.php?rest_route=%2Fwp%2Fv2%2Fmedia&parent=303"}],"curies":[{"name":"wp","href":"https:\/\/api.w.org\/{rel}","templated":true}]}}