{"id":2,"date":"2016-06-14T11:23:32","date_gmt":"2016-06-14T11:23:32","guid":{"rendered":"http:\/\/dufdesign.cz\/wp\/wordpress\/?page_id=2"},"modified":"2016-06-25T18:02:05","modified_gmt":"2016-06-25T18:02:05","slug":"vyrocni-zpravy","status":"publish","type":"page","link":"https:\/\/dufdesign.cz\/?page_id=2","title":{"rendered":"V\u00fdro\u010dn\u00ed zpr\u00e1vy"},"content":{"rendered":"<p class=\"p1\">Vy\u0301ro\u010dn\u00ed zpr\u00e1vy jsem zpracov\u00e1val hlavn\u011b pro ned\u00e1vno zaniknuv\u0161\u00ed spole\u010dnost B.I.G \u2013 Prague.<br \/>\nD\u011blal jsem pro ni nejen grafick\u00e9 n\u00e1vrhy, ale ob\u010das i DTP zracov\u00e1n\u00ed a\u017e po podklady pro tisk.<br \/>\nPodporuji sdru\u017een\u00ed Letn\u00ed d\u016fm, pro n\u011bj\u017e jsem vytvo\u0159il mnoho vy\u0301ro\u010dn\u00edch zpr\u00e1v.<br \/>\nTa z roku 2006 byla ocen\u011bna zvl\u00e1\u0161tn\u00ed cenou KPMG v sout\u011b\u017ei nejlep\u0161\u00ed vy\u0301ro\u010dn\u00ed zpr\u00e1va \u010cR.<br \/>\nV n\u00e1sleduj\u00edc\u00edch uk\u00e1zk\u00e1ch p\u0159edstav\u00edm jak realizovan\u00e9 tak nerealizovan\u00e9 n\u00e1vrhy.<\/p>\n<p><a title=\"V\u00fdro\u010dn\u00ed zpr\u00e1va BCPP 2005\" href=\"?page_id=70\"><img loading=\"lazy\" decoding=\"async\" class=\"alignnone  wp-image-62\" src=\"http:\/\/dufdesign.cz\/wp\/wordpress\/wp-content\/uploads\/vz-BCPP-2005-1-212x300.jpg\" alt=\"untitled\" width=\"127\" height=\"183\" \/><\/a>\u00a0 \u00a0 \u00a0<a title=\"V\u00fdro\u010dn\u00ed zpr\u00e1va Lesy \u010cR 2012\" href=\"?page_id=83\"><img loading=\"lazy\" decoding=\"async\" class=\"alignnone  wp-image-80\" src=\"http:\/\/dufdesign.cz\/wp\/wordpress\/wp-content\/uploads\/VZ-lesy-2012-1-212x300.jpg\" alt=\"Sestava 1\" width=\"129\" height=\"183\" \/><\/a>\u00a0 \u00a0 \u00a0<a title=\"V\u00fdro\u010dn\u00ed zpr\u00e1va Cesnet 2013\" href=\"?page_id=127\"><img loading=\"lazy\" decoding=\"async\" class=\"alignnone  wp-image-122\" src=\"http:\/\/dufdesign.cz\/wp\/wordpress\/wp-content\/uploads\/vz-cesnet-2013-2-2-kopie-212x300.jpg\" alt=\"vz cesnet 2013 2-2 kopie\" width=\"134\" height=\"183\" \/><\/a><\/p>\n<p><a title=\"V\u00fdro\u010dn\u00ed zpr\u00e1va Reiffaisen Stavebn\u00ed Spo\u0159itelny 2003\" href=\"?page_id=139\"><img loading=\"lazy\" decoding=\"async\" class=\"alignnone  wp-image-133\" src=\"http:\/\/dufdesign.cz\/wp\/wordpress\/wp-content\/uploads\/vz-RSTS-2003-1-kopie-222x300.jpg\" alt=\"vz RSTS 2003-1 kopie\" width=\"127\" height=\"172\" \/><\/a>\u00a0 \u00a0 \u00a0<a title=\"V\u00fdro\u010dn\u00ed zpr\u00e1va VIG RE 2013\" href=\"?page_id=107\"><img loading=\"lazy\" decoding=\"async\" class=\"alignnone  wp-image-101\" src=\"http:\/\/dufdesign.cz\/wp\/wordpress\/wp-content\/uploads\/vz-VIG-RE-2012-1-233x300.jpg\" alt=\"Sestava 1\" width=\"130\" height=\"172\" \/><\/a>\u00a0 \u00a0 \u00a0<a title=\"V\u00fdro\u010dn\u00ed zpr\u00e1va \u0160kofin\" href=\"?page_id=117\"><img loading=\"lazy\" decoding=\"async\" class=\"alignnone  wp-image-112\" src=\"http:\/\/dufdesign.cz\/wp\/wordpress\/wp-content\/uploads\/vz-skofin-2004-1-kopie-212x300.jpg\" alt=\"untitled\" width=\"129\" height=\"183\" \/><\/a><\/p>\n<p><a title=\"V\u00fdro\u010dn\u00ed zpr\u00e1va Cesnet\" href=\"?page_id=149\"><img loading=\"lazy\" decoding=\"async\" class=\"alignnone  wp-image-147\" src=\"http:\/\/dufdesign.cz\/wp\/wordpress\/wp-content\/uploads\/vz-cesnet-2013-2-kopie-212x300.jpg\" alt=\"Sestava 1\" width=\"126\" height=\"178\" \/><\/a>\u00a0 \u00a0 \u00a0<a title=\"V\u00fdro\u010dn\u00ed zpr\u00e1va VAS 2004\" href=\"?page_id=160\"><img loading=\"lazy\" decoding=\"async\" class=\"alignnone  wp-image-158\" src=\"http:\/\/dufdesign.cz\/wp\/wordpress\/wp-content\/uploads\/vz-VAS-2004-1-kopie-212x300.jpg\" alt=\"VODAsazba\" width=\"126\" height=\"178\" \/><\/a>\u00a0 \u00a0 \u00a0<a title=\"V\u00fdro\u010dn\u00ed zpr\u00e1va VAS 2013\" href=\"?page_id=172\"><img loading=\"lazy\" decoding=\"async\" class=\"alignnone  wp-image-170\" src=\"http:\/\/dufdesign.cz\/wp\/wordpress\/wp-content\/uploads\/vz-VAS-2013-1-kopie-212x300.jpg\" alt=\"Sestava 1\" width=\"126\" height=\"178\" \/><\/a><\/p>\n<p><a title=\"V\u00fdro\u010dn\u00ed zpr\u00e1va OKD 2013\" href=\"?page_id=183\"><img loading=\"lazy\" decoding=\"async\" class=\"alignnone  wp-image-181\" src=\"http:\/\/dufdesign.cz\/wp\/wordpress\/wp-content\/uploads\/vz-okd-2012-1-kopie-212x300.jpg\" alt=\"Sestava 1\" width=\"126\" height=\"178\" \/><\/a>\u00a0 \u00a0 \u00a0<a title=\"V\u00fdro\u010dn\u00ed zpr\u00e1va Ovak 2013\" href=\"?page_id=193\"><img loading=\"lazy\" decoding=\"async\" class=\"alignnone  wp-image-191\" src=\"http:\/\/dufdesign.cz\/wp\/wordpress\/wp-content\/uploads\/vz-ovak-2012-1-kopie-212x300.jpg\" alt=\"Sestava 1\" width=\"126\" height=\"178\" \/><\/a>\u00a0 \u00a0 \u00a0<a title=\"V\u00fdro\u010dn\u00ed zpr\u00e1va Letn\u00ed d\u016fm 2006\" href=\"?page_id=204\"><img loading=\"lazy\" decoding=\"async\" class=\"alignnone  wp-image-202\" src=\"http:\/\/dufdesign.cz\/wp\/wordpress\/wp-content\/uploads\/VZ-Letni-dum-06-1-kopie-106x300.jpg\" alt=\"untitled\" width=\"63\" height=\"178\" \/><\/a><\/p>\n","protected":false},"excerpt":{"rendered":"<p>Vy\u0301ro\u010dn\u00ed zpr\u00e1vy jsem zpracov\u00e1val hlavn\u011b pro ned\u00e1vno zaniknuv\u0161\u00ed spole\u010dnost B.I.G \u2013 Prague. D\u011blal jsem pro ni nejen grafick\u00e9 n\u00e1vrhy, ale ob\u010das i DTP zracov\u00e1n\u00ed a\u017e po podklady pro tisk. Podporuji sdru\u017een\u00ed Letn\u00ed d\u016fm, pro n\u011bj\u017e jsem vytvo\u0159il mnoho vy\u0301ro\u010dn\u00edch zpr\u00e1v. Ta z roku 2006 byla ocen\u011bna zvl\u00e1\u0161tn\u00ed cenou KPMG v sout\u011b\u017ei nejlep\u0161\u00ed vy\u0301ro\u010dn\u00ed zpr\u00e1va \u010cR.<\/p>\n","protected":false},"author":1,"featured_media":0,"parent":0,"menu_order":0,"comment_status":"closed","ping_status":"closed","template":"fullwidth.php","meta":{"footnotes":""},"class_list":["post-2","page","type-page","status-publish","hentry"],"_links":{"self":[{"href":"https:\/\/dufdesign.cz\/index.php?rest_route=\/wp\/v2\/pages\/2","targetHints":{"allow":["GET"]}}],"collection":[{"href":"https:\/\/dufdesign.cz\/index.php?rest_route=\/wp\/v2\/pages"}],"about":[{"href":"https:\/\/dufdesign.cz\/index.php?rest_route=\/wp\/v2\/types\/page"}],"author":[{"embeddable":true,"href":"https:\/\/dufdesign.cz\/index.php?rest_route=\/wp\/v2\/users\/1"}],"replies":[{"embeddable":true,"href":"https:\/\/dufdesign.cz\/index.php?rest_route=%2Fwp%2Fv2%2Fcomments&post=2"}],"version-history":[{"count":47,"href":"https:\/\/dufdesign.cz\/index.php?rest_route=\/wp\/v2\/pages\/2\/revisions"}],"predecessor-version":[{"id":415,"href":"https:\/\/dufdesign.cz\/index.php?rest_route=\/wp\/v2\/pages\/2\/revisions\/415"}],"wp:attachment":[{"href":"https:\/\/dufdesign.cz\/index.php?rest_route=%2Fwp%2Fv2%2Fmedia&parent=2"}],"curies":[{"name":"wp","href":"https:\/\/api.w.org\/{rel}","templated":true}]}}