{"id":172,"date":"2016-06-21T18:19:32","date_gmt":"2016-06-21T18:19:32","guid":{"rendered":"http:\/\/dufdesign.cz\/wp\/wordpress\/?page_id=172"},"modified":"2016-07-26T20:38:12","modified_gmt":"2016-07-26T20:38:12","slug":"vyrocni-zprava-vas-2013","status":"publish","type":"page","link":"https:\/\/dufdesign.cz\/?page_id=172","title":{"rendered":"V\u00fdro\u010dn\u00ed zpr\u00e1va VAS 2013"},"content":{"rendered":"\n\t\t<style type=\"text\/css\">\n\t\t\t#gallery-1 {\n\t\t\t\tmargin: auto;\n\t\t\t}\n\t\t\t#gallery-1 .gallery-item {\n\t\t\t\tfloat: left;\n\t\t\t\tmargin-top: 10px;\n\t\t\t\ttext-align: center;\n\t\t\t\twidth: 14%;\n\t\t\t}\n\t\t\t#gallery-1 img {\n\t\t\t\tborder: 2px solid #cfcfcf;\n\t\t\t}\n\t\t\t#gallery-1 .gallery-caption {\n\t\t\t\tmargin-left: 0;\n\t\t\t}\n\t\t\t\/* see gallery_shortcode() in wp-includes\/media.php *\/\n\t\t<\/style>\n\t\t<div id='gallery-1' class='gallery galleryid-172 gallery-columns-7 gallery-size-thumbnail'><dl class='gallery-item'>\n\t\t\t<dt class='gallery-icon portrait'>\n\t\t\t\t<a href='https:\/\/dufdesign.cz\/wp-content\/uploads\/vz-VAS-2013-1-kopie-e1466857155542.jpg'><img loading=\"lazy\" decoding=\"async\" width=\"150\" height=\"150\" src=\"https:\/\/dufdesign.cz\/wp-content\/uploads\/vz-VAS-2013-1-kopie-150x150.jpg\" class=\"attachment-thumbnail size-thumbnail\" alt=\"\" \/><\/a>\n\t\t\t<\/dt><\/dl><dl class='gallery-item'>\n\t\t\t<dt class='gallery-icon landscape'>\n\t\t\t\t<a href='https:\/\/dufdesign.cz\/wp-content\/uploads\/vz-VAS-2013-10-11-e1466857200175.jpg'><img loading=\"lazy\" decoding=\"async\" width=\"150\" height=\"150\" src=\"https:\/\/dufdesign.cz\/wp-content\/uploads\/vz-VAS-2013-10-11-150x150.jpg\" class=\"attachment-thumbnail size-thumbnail\" alt=\"\" \/><\/a>\n\t\t\t<\/dt><\/dl><dl class='gallery-item'>\n\t\t\t<dt class='gallery-icon landscape'>\n\t\t\t\t<a href='https:\/\/dufdesign.cz\/wp-content\/uploads\/vz-VAS-2013-6-71-e1466857295880.jpg'><img loading=\"lazy\" decoding=\"async\" width=\"150\" height=\"150\" src=\"https:\/\/dufdesign.cz\/wp-content\/uploads\/vz-VAS-2013-6-71-150x150.jpg\" class=\"attachment-thumbnail size-thumbnail\" alt=\"\" \/><\/a>\n\t\t\t<\/dt><\/dl><dl class='gallery-item'>\n\t\t\t<dt class='gallery-icon landscape'>\n\t\t\t\t<a href='https:\/\/dufdesign.cz\/wp-content\/uploads\/vz-VAS-2013-4-51-e1466859150394.jpg'><img loading=\"lazy\" decoding=\"async\" width=\"150\" height=\"150\" src=\"https:\/\/dufdesign.cz\/wp-content\/uploads\/vz-VAS-2013-4-51-150x150.jpg\" class=\"attachment-thumbnail size-thumbnail\" alt=\"\" \/><\/a>\n\t\t\t<\/dt><\/dl>\n\t\t\t<br style='clear: both' \/>\n\t\t<\/div>\n\n","protected":false},"excerpt":{"rendered":"","protected":false},"author":1,"featured_media":0,"parent":2,"menu_order":0,"comment_status":"closed","ping_status":"open","template":"fullwidth.php","meta":{"footnotes":""},"class_list":["post-172","page","type-page","status-publish","hentry"],"_links":{"self":[{"href":"https:\/\/dufdesign.cz\/index.php?rest_route=\/wp\/v2\/pages\/172","targetHints":{"allow":["GET"]}}],"collection":[{"href":"https:\/\/dufdesign.cz\/index.php?rest_route=\/wp\/v2\/pages"}],"about":[{"href":"https:\/\/dufdesign.cz\/index.php?rest_route=\/wp\/v2\/types\/page"}],"author":[{"embeddable":true,"href":"https:\/\/dufdesign.cz\/index.php?rest_route=\/wp\/v2\/users\/1"}],"replies":[{"embeddable":true,"href":"https:\/\/dufdesign.cz\/index.php?rest_route=%2Fwp%2Fv2%2Fcomments&post=172"}],"version-history":[{"count":4,"href":"https:\/\/dufdesign.cz\/index.php?rest_route=\/wp\/v2\/pages\/172\/revisions"}],"predecessor-version":[{"id":555,"href":"https:\/\/dufdesign.cz\/index.php?rest_route=\/wp\/v2\/pages\/172\/revisions\/555"}],"up":[{"embeddable":true,"href":"https:\/\/dufdesign.cz\/index.php?rest_route=\/wp\/v2\/pages\/2"}],"wp:attachment":[{"href":"https:\/\/dufdesign.cz\/index.php?rest_route=%2Fwp%2Fv2%2Fmedia&parent=172"}],"curies":[{"name":"wp","href":"https:\/\/api.w.org\/{rel}","templated":true}]}}